{"id":1292,"date":"2022-10-31T20:18:31","date_gmt":"2022-10-31T20:18:31","guid":{"rendered":"http:\/\/54.82.190.76\/?page_id=1292"},"modified":"2025-09-16T20:01:58","modified_gmt":"2025-09-16T20:01:58","slug":"portal-de-revistas-camjol","status":"publish","type":"page","link":"https:\/\/cbues.org.sv\/portal-de-revistas-camjol\/","title":{"rendered":"CAMJOL"},"content":{"rendered":"\t\t<div data-elementor-type=\"wp-page\" data-elementor-id=\"1292\" class=\"elementor elementor-1292\" data-elementor-post-type=\"page\">\n\t\t\t\t\t\t<section class=\"elementor-section elementor-top-section elementor-element elementor-element-ed4c192 elementor-section-full_width elementor-section-stretched elementor-section-height-default elementor-section-height-default wpr-particle-no wpr-jarallax-no wpr-parallax-no wpr-sticky-section-no wpr-equal-height-no\" data-id=\"ed4c192\" data-element_type=\"section\" data-e-type=\"section\" data-settings=\"{&quot;background_background&quot;:&quot;classic&quot;,&quot;stretch_section&quot;:&quot;section-stretched&quot;}\">\n\t\t\t\t\t\t\t<div class=\"elementor-background-overlay\"><\/div>\n\t\t\t\t\t\t\t<div class=\"elementor-container elementor-column-gap-default\">\n\t\t\t\t\t<div class=\"elementor-column elementor-col-100 elementor-top-column elementor-element elementor-element-0e72464\" data-id=\"0e72464\" data-element_type=\"column\" data-e-type=\"column\">\n\t\t\t<div class=\"elementor-widget-wrap elementor-element-populated\">\n\t\t\t\t\t\t<div class=\"elementor-element elementor-element-e3f1f7f elementor-widget elementor-widget-spacer\" data-id=\"e3f1f7f\" data-element_type=\"widget\" data-e-type=\"widget\" data-widget_type=\"spacer.default\">\n\t\t\t\t<div class=\"elementor-widget-container\">\n\t\t\t\t\t\t\t<div class=\"elementor-spacer\">\n\t\t\t<div class=\"elementor-spacer-inner\"><\/div>\n\t\t<\/div>\n\t\t\t\t\t\t<\/div>\n\t\t\t\t<\/div>\n\t\t\t\t<div class=\"elementor-element elementor-element-ee30544 elementor-invisible elementor-widget elementor-widget-heading\" data-id=\"ee30544\" data-element_type=\"widget\" data-e-type=\"widget\" data-settings=\"{&quot;_animation&quot;:&quot;fadeInUp&quot;}\" data-widget_type=\"heading.default\">\n\t\t\t\t<div class=\"elementor-widget-container\">\n\t\t\t\t\t<h2 class=\"elementor-heading-title elementor-size-default\">CENTRAL AMERICAN JOURNALS ONLINE<\/h2>\t\t\t\t<\/div>\n\t\t\t\t<\/div>\n\t\t\t\t<div class=\"elementor-element elementor-element-4908ae8 elementor-widget elementor-widget-spacer\" data-id=\"4908ae8\" data-element_type=\"widget\" data-e-type=\"widget\" data-widget_type=\"spacer.default\">\n\t\t\t\t<div class=\"elementor-widget-container\">\n\t\t\t\t\t\t\t<div class=\"elementor-spacer\">\n\t\t\t<div class=\"elementor-spacer-inner\"><\/div>\n\t\t<\/div>\n\t\t\t\t\t\t<\/div>\n\t\t\t\t<\/div>\n\t\t\t\t\t<\/div>\n\t\t<\/div>\n\t\t\t\t\t<\/div>\n\t\t<\/section>\n\t\t\t\t<section class=\"elementor-section elementor-top-section elementor-element elementor-element-248a94f elementor-section-boxed elementor-section-height-default elementor-section-height-default wpr-particle-no wpr-jarallax-no wpr-parallax-no wpr-sticky-section-no wpr-equal-height-no\" data-id=\"248a94f\" data-element_type=\"section\" data-e-type=\"section\" data-settings=\"{&quot;background_background&quot;:&quot;classic&quot;}\">\n\t\t\t\t\t\t<div class=\"elementor-container elementor-column-gap-default\">\n\t\t\t\t\t<div class=\"elementor-column elementor-col-100 elementor-top-column elementor-element elementor-element-31fdd1a\" data-id=\"31fdd1a\" data-element_type=\"column\" data-e-type=\"column\">\n\t\t\t<div class=\"elementor-widget-wrap elementor-element-populated\">\n\t\t\t\t\t\t<div class=\"elementor-element elementor-element-700d4cc elementor-widget elementor-widget-heading\" data-id=\"700d4cc\" data-element_type=\"widget\" data-e-type=\"widget\" data-widget_type=\"heading.default\">\n\t\t\t\t<div class=\"elementor-widget-container\">\n\t\t\t\t\t<h2 class=\"elementor-heading-title elementor-size-default\">\u00bfQu\u00e9 es CAMJOL?<\/h2>\t\t\t\t<\/div>\n\t\t\t\t<\/div>\n\t\t\t\t<div class=\"elementor-element elementor-element-391a858 elementor-widget elementor-widget-progress-tracker\" data-id=\"391a858\" data-element_type=\"widget\" data-e-type=\"widget\" data-settings=\"{&quot;direction&quot;:&quot;rtl&quot;,&quot;type&quot;:&quot;horizontal&quot;,&quot;relative_to&quot;:&quot;entire_page&quot;}\" data-widget_type=\"progress-tracker.default\">\n\t\t\t\t<div class=\"elementor-widget-container\">\n\t\t\t\t\t\n\t\t<div class=\"elementor-scrolling-tracker elementor-scrolling-tracker-horizontal elementor-scrolling-tracker-alignment-\">\n\t\t\t\t\t\t<div class=\"current-progress\">\n\t\t\t\t\t<div class=\"current-progress-percentage\"><\/div>\n\t\t\t\t<\/div>\n\t\t\t\t<\/div>\n\t\t\t\t\t\t<\/div>\n\t\t\t\t<\/div>\n\t\t\t\t<div class=\"elementor-element elementor-element-0bd41f0 elementor-widget elementor-widget-text-editor\" data-id=\"0bd41f0\" data-element_type=\"widget\" data-e-type=\"widget\" data-widget_type=\"text-editor.default\">\n\t\t\t\t<div class=\"elementor-widget-container\">\n\t\t\t\t\t\t\t\t\t<p>CAMJOL es un sitio web que apoya la publicaci\u00f3n en linea de Recursos Centroamericanos de los paises El Salvador, Nicaragua y Honduras, que abarca toda la gama de disciplinas acad\u00e9micas. El objetivo de CAMJOL es dar mayor visibilidad a las revistas participantes y la investigaci\u00f3n que estas trasmiten. CAMJOL es administrado por: Consorcio de Bibliotecas Universitarias de El Salvador CBUES, Consejo Nacional de Universidades CNU, Universidad Nacional Aut\u00f3noma de Honduras UNAH y est\u00e1 alojado en los servidores de la empresa Ubiquity Press.<\/p><p>Para su inclusi\u00f3n en CAMJOL, las revistas son seleccionadas utilizando los siguientes criterios:<\/p><ul><li>Ser de contenido acad\u00e9mico y que contengan investigaci\u00f3n original (adem\u00e1s de otros contenidos)<\/li><li>Su contenido es revisado por pares acad\u00e9micos y que posean control de calidad<\/li><li>Son capaces de ofrecer todo el contenido para su inclusi\u00f3n en CAMJOL (tablas de contenido, res\u00famenes y documentos a texto complet\u00e9 en formato PDF) en formato electr\u00f3nico<\/li><li>Ser publicadas en Centroam\u00e9rica. La gesti\u00f3n y estrategia editorial, desarrollo de negocios y operaciones de producci\u00f3n son ejecutadas en Centroam\u00e9rica.<\/li><\/ul><p>CAMJOL proporciona informaci\u00f3n sobre cada revista participante, incluidos los objetivos y el alcance, detalles de contacto e informaci\u00f3n general. Tambi\u00e9n proporciona tablas de contenido y res\u00famenes (en casos que se encuentre disponible) para todos los art\u00edculos publicados en estas revistas. Asimismo tienen disponible gran cantidad de art\u00edculos de texto completo.<\/p><p>Todo el material de CAMJOL es libre de ver, buscar y navegar. Sin embargo, los derechos de autor de todo el contenido es retenido (conservado) por las revistas o los autores &#8211; cada revista tendr\u00e1 que dar permiso para el uso o reutilizaci\u00f3n del contenido que cae fuera de la pol\u00edtica de uso justo.<\/p><p>CAMJOL no es una editorial: CAMJOL proporciona un servicio a las revistas a trav\u00e9s de alojar su contenido en l\u00ednea y promover activamente el sitio web para fomentar la visibilidad de estos t\u00edtulos y sus art\u00edculos. Revistas individuales tambi\u00e9n est\u00e1n utilizando el sitio web para publicar sus revistas y agradecen las comunicaciones de los usuarios registrados.<\/p>\t\t\t\t\t\t\t\t<\/div>\n\t\t\t\t<\/div>\n\t\t\t\t\t<\/div>\n\t\t<\/div>\n\t\t\t\t\t<\/div>\n\t\t<\/section>\n\t\t\t\t<section class=\"elementor-section elementor-top-section elementor-element elementor-element-96eac26 elementor-section-boxed elementor-section-height-default elementor-section-height-default wpr-particle-no wpr-jarallax-no wpr-parallax-no wpr-sticky-section-no wpr-equal-height-no\" data-id=\"96eac26\" data-element_type=\"section\" data-e-type=\"section\" data-settings=\"{&quot;background_background&quot;:&quot;classic&quot;,&quot;shape_divider_top&quot;:&quot;tilt&quot;,&quot;shape_divider_bottom&quot;:&quot;tilt&quot;}\">\n\t\t\t\t\t<div class=\"elementor-shape elementor-shape-top\" aria-hidden=\"true\" data-negative=\"false\">\n\t\t\t<svg xmlns=\"http:\/\/www.w3.org\/2000\/svg\" viewBox=\"0 0 1000 100\" preserveAspectRatio=\"none\">\n\t<path class=\"elementor-shape-fill\" d=\"M0,6V0h1000v100L0,6z\"\/>\n<\/svg>\t\t<\/div>\n\t\t\t\t<div class=\"elementor-shape elementor-shape-bottom\" aria-hidden=\"true\" data-negative=\"false\">\n\t\t\t<svg xmlns=\"http:\/\/www.w3.org\/2000\/svg\" viewBox=\"0 0 1000 100\" preserveAspectRatio=\"none\">\n\t<path class=\"elementor-shape-fill\" d=\"M0,6V0h1000v100L0,6z\"\/>\n<\/svg>\t\t<\/div>\n\t\t\t\t\t<div class=\"elementor-container elementor-column-gap-default\">\n\t\t\t\t\t<div class=\"elementor-column elementor-col-50 elementor-top-column elementor-element elementor-element-323a3fc\" data-id=\"323a3fc\" data-element_type=\"column\" data-e-type=\"column\">\n\t\t\t<div class=\"elementor-widget-wrap elementor-element-populated\">\n\t\t\t\t\t\t<div class=\"elementor-element elementor-element-2c4af31 elementor-widget elementor-widget-heading\" data-id=\"2c4af31\" data-element_type=\"widget\" data-e-type=\"widget\" data-widget_type=\"heading.default\">\n\t\t\t\t<div class=\"elementor-widget-container\">\n\t\t\t\t\t<h2 class=\"elementor-heading-title elementor-size-default\">CAMJOL y CBUES<\/h2>\t\t\t\t<\/div>\n\t\t\t\t<\/div>\n\t\t\t\t<div class=\"elementor-element elementor-element-1173061 elementor-widget elementor-widget-progress-tracker\" data-id=\"1173061\" data-element_type=\"widget\" data-e-type=\"widget\" data-settings=\"{&quot;direction&quot;:&quot;rtl&quot;,&quot;type&quot;:&quot;horizontal&quot;,&quot;relative_to&quot;:&quot;entire_page&quot;}\" data-widget_type=\"progress-tracker.default\">\n\t\t\t\t<div class=\"elementor-widget-container\">\n\t\t\t\t\t\n\t\t<div class=\"elementor-scrolling-tracker elementor-scrolling-tracker-horizontal elementor-scrolling-tracker-alignment-\">\n\t\t\t\t\t\t<div class=\"current-progress\">\n\t\t\t\t\t<div class=\"current-progress-percentage\"><\/div>\n\t\t\t\t<\/div>\n\t\t\t\t<\/div>\n\t\t\t\t\t\t<\/div>\n\t\t\t\t<\/div>\n\t\t\t\t<div class=\"elementor-element elementor-element-2854057 elementor-widget elementor-widget-text-editor\" data-id=\"2854057\" data-element_type=\"widget\" data-e-type=\"widget\" data-widget_type=\"text-editor.default\">\n\t\t\t\t<div class=\"elementor-widget-container\">\n\t\t\t\t\t\t\t\t\t<p>La relaci\u00f3n entre el portal de revistas Central American Journals Online (CAMJOL) y la Asociaci\u00f3n Consorcio de Bibliotecas Universitarias de El Salvador (CBUES) fortalece el acceso a la informaci\u00f3n cient\u00edfica y promueve la difusi\u00f3n de la investigaci\u00f3n acad\u00e9mica en El Salvador. Ambas entidades trabajan de manera conjunta para facilitar el acceso a las revistas indexadas, promover la participaci\u00f3n de las bibliotecas universitarias y mejorar la visibilidad de la producci\u00f3n cient\u00edfica en el pa\u00eds.<br \/>La colaboraci\u00f3n entre Camjol y el CBUES ha dado lugar a un trabajo innovador y de gran impacto. Gracias a la labor conjunta de ambas instituciones, que facilitan la indexaci\u00f3n y la difusi\u00f3n de los art\u00edculos cient\u00edficos, impulsando as\u00ed la investigaci\u00f3n y el intercambio de conocimiento en la comunidad acad\u00e9mica.<\/p><p>Desde la Oficina T\u00e9cnica del CBUES se cuenta con un usuario administrador dentro de la plataforma de CAMJOL, con este usuario se llevan acabo las gestiones para las revistas de El Salvador, permitiendo la revisi\u00f3n, publicaci\u00f3n y el respectivo proceso de activaci\u00f3n de DOI (N\u00famero de Indentificai\u00f3n) del n\u00famero de la revista a publicar. El compromiso y la dedicaci\u00f3n de la Oficina T\u00e9cnica han sido fundamentales para lograr este avance significativo en el \u00e1mbito de la divulgaci\u00f3n cient\u00edfica.<\/p>\t\t\t\t\t\t\t\t<\/div>\n\t\t\t\t<\/div>\n\t\t\t\t\t<\/div>\n\t\t<\/div>\n\t\t\t\t<div class=\"elementor-column elementor-col-50 elementor-top-column elementor-element elementor-element-fc77a28\" data-id=\"fc77a28\" data-element_type=\"column\" data-e-type=\"column\">\n\t\t\t<div class=\"elementor-widget-wrap elementor-element-populated\">\n\t\t\t\t\t\t<div class=\"elementor-element elementor-element-fd69f0f elementor-widget elementor-widget-image\" data-id=\"fd69f0f\" data-element_type=\"widget\" data-e-type=\"widget\" data-widget_type=\"image.default\">\n\t\t\t\t<div class=\"elementor-widget-container\">\n\t\t\t\t\t\t\t\t\t\t\t\t\t\t\t<img fetchpriority=\"high\" decoding=\"async\" width=\"500\" height=\"500\" src=\"https:\/\/cbues.org.sv\/wp-content\/uploads\/2023\/06\/LOGO-CAMJOL-x-CBUES.png\" class=\"attachment-large size-large wp-image-9845\" alt=\"\" \/>\t\t\t\t\t\t\t\t\t\t\t\t\t\t\t<\/div>\n\t\t\t\t<\/div>\n\t\t\t\t\t<\/div>\n\t\t<\/div>\n\t\t\t\t\t<\/div>\n\t\t<\/section>\n\t\t\t\t<section class=\"elementor-section elementor-top-section elementor-element elementor-element-1b9cfb3 elementor-section-boxed elementor-section-height-default elementor-section-height-default wpr-particle-no wpr-jarallax-no wpr-parallax-no wpr-sticky-section-no wpr-equal-height-no\" data-id=\"1b9cfb3\" data-element_type=\"section\" data-e-type=\"section\" data-settings=\"{&quot;background_background&quot;:&quot;gradient&quot;}\">\n\t\t\t\t\t\t<div class=\"elementor-container elementor-column-gap-default\">\n\t\t\t\t\t<div class=\"elementor-column elementor-col-100 elementor-top-column elementor-element elementor-element-5be51af\" data-id=\"5be51af\" data-element_type=\"column\" data-e-type=\"column\">\n\t\t\t<div class=\"elementor-widget-wrap elementor-element-populated\">\n\t\t\t\t\t\t<div class=\"elementor-element elementor-element-d7a6c72 elementor-widget elementor-widget-heading\" data-id=\"d7a6c72\" data-element_type=\"widget\" data-e-type=\"widget\" data-widget_type=\"heading.default\">\n\t\t\t\t<div class=\"elementor-widget-container\">\n\t\t\t\t\t<h2 class=\"elementor-heading-title elementor-size-default\">Historia de CAMJOL<\/h2>\t\t\t\t<\/div>\n\t\t\t\t<\/div>\n\t\t\t\t<div class=\"elementor-element elementor-element-e5eed29 elementor-widget elementor-widget-progress-tracker\" data-id=\"e5eed29\" data-element_type=\"widget\" data-e-type=\"widget\" data-settings=\"{&quot;direction&quot;:&quot;rtl&quot;,&quot;type&quot;:&quot;horizontal&quot;,&quot;relative_to&quot;:&quot;entire_page&quot;}\" data-widget_type=\"progress-tracker.default\">\n\t\t\t\t<div class=\"elementor-widget-container\">\n\t\t\t\t\t\n\t\t<div class=\"elementor-scrolling-tracker elementor-scrolling-tracker-horizontal elementor-scrolling-tracker-alignment-\">\n\t\t\t\t\t\t<div class=\"current-progress\">\n\t\t\t\t\t<div class=\"current-progress-percentage\"><\/div>\n\t\t\t\t<\/div>\n\t\t\t\t<\/div>\n\t\t\t\t\t\t<\/div>\n\t\t\t\t<\/div>\n\t\t\t\t<div class=\"elementor-element elementor-element-4fcdbb8 elementor-widget elementor-widget-text-editor\" data-id=\"4fcdbb8\" data-element_type=\"widget\" data-e-type=\"widget\" data-widget_type=\"text-editor.default\">\n\t\t\t\t<div class=\"elementor-widget-container\">\n\t\t\t\t\t\t\t\t\t<p>Revistas en l\u00ednea de Centroam\u00e9rica, (CAMJOL) se inici\u00f3 en agosto de 2010. Ahora es administrado por <strong>CBUES<\/strong>, <a href=\"https:\/\/www.cnu.edu.ni\/\" target=\"_blank\" rel=\"noopener\">CNU<\/a> y <a href=\"https:\/\/www.unah.edu.hn\/\" target=\"_blank\" rel=\"noopener\">UNAH<\/a>, est\u00e1 alojado por\u00a0 <a href=\"https:\/\/www.ubiquitypress.com\/\" target=\"_blank\" rel=\"noopener\">Ubiquity Press<\/a>. Fue un proyecto iniciado por el <a href=\"https:\/\/www.inasp.info\/\" target=\"_blank\" rel=\"noopener\">INASP<\/a>. En 2016 cambi\u00f3 su nombre por el de Central American Journals Online (CAMJOL). Su objetivo es promover el conocimiento y uso de revistas publicadas en Centroam\u00e9rica en todas las disciplinas, proporcionando acceso a las tablas de contenidos (TC), res\u00famenes y texto completo a trav\u00e9s de la Internet.<\/p><p>CAMJOL utiliza el sistema abierto de Revistas creado por el proyecto <a href=\"https:\/\/pkp.sfu.ca\/\" target=\"_blank\" rel=\"noopener\">\u00abKnowledge Project\u00bb<\/a> con sede en Canad\u00e1. Este software es de c\u00f3digo abierto y permite que el contenido de las revistas que aparecen en CAMJOL se indexen a trav\u00e9s de Iniciativa de motores de b\u00fasqueda de archivos abiertos dedicada a la investigaci\u00f3n, que colecta los metadatos de cada art\u00edculo de revista, logrando que este trabajo sea f\u00e1cilmente disponibles para una audiencia global, y dando a las revistas mayor visibilidad entre la comunidad de investigadores en todo el mundo.<\/p>\t\t\t\t\t\t\t\t<\/div>\n\t\t\t\t<\/div>\n\t\t\t\t<div class=\"elementor-element elementor-element-5c61072 elementor-headline--style-highlight elementor-widget elementor-widget-animated-headline\" data-id=\"5c61072\" data-element_type=\"widget\" data-e-type=\"widget\" data-settings=\"{&quot;highlighted_text&quot;:&quot;CAMJOL&quot;,&quot;highlight_iteration_delay&quot;:4000,&quot;headline_style&quot;:&quot;highlight&quot;,&quot;marker&quot;:&quot;circle&quot;,&quot;loop&quot;:&quot;yes&quot;,&quot;highlight_animation_duration&quot;:1200}\" data-widget_type=\"animated-headline.default\">\n\t\t\t\t<div class=\"elementor-widget-container\">\n\t\t\t\t\t\t\t\t<a href=\"https:\/\/www.camjol.info\/index.php\/index\/about\" target=\"_blank\">\n\n\t\t\t\t\t<h3 class=\"elementor-headline\">\n\t\t\t\t\t<span class=\"elementor-headline-plain-text elementor-headline-text-wrapper\">Conoce m\u00e1s sobre <\/span>\n\t\t\t\t<span class=\"elementor-headline-dynamic-wrapper elementor-headline-text-wrapper\">\n\t\t\t\t\t<span class=\"elementor-headline-dynamic-text elementor-headline-text-active\">CAMJOL<\/span>\n\t\t\t\t<\/span>\n\t\t\t\t<\/h3>\n\t\t<\/a>\t\t\t\t<\/div>\n\t\t\t\t<\/div>\n\t\t\t\t\t<\/div>\n\t\t<\/div>\n\t\t\t\t\t<\/div>\n\t\t<\/section>\n\t\t\t\t<\/div>\n\t\t","protected":false},"excerpt":{"rendered":"<p>CENTRAL AMERICAN JOURNALS ONLINE \u00bfQu\u00e9 es CAMJOL? CAMJOL es un sitio web que apoya la publicaci\u00f3n en linea de Recursos Centroamericanos de los paises El Salvador, Nicaragua y Honduras, que abarca toda la gama de disciplinas acad\u00e9micas. El objetivo de CAMJOL es dar mayor visibilidad a las revistas participantes y la investigaci\u00f3n que estas trasmiten. CAMJOL es administrado por: Consorcio de Bibliotecas Universitarias de El Salvador CBUES, Consejo Nacional de Universidades CNU, Universidad Nacional Aut\u00f3noma de Honduras UNAH y est\u00e1 alojado en los servidores de la empresa Ubiquity Press. Para su inclusi\u00f3n en CAMJOL, las revistas son seleccionadas utilizando los siguientes criterios: Ser de contenido acad\u00e9mico y que contengan investigaci\u00f3n original (adem\u00e1s de otros contenidos) Su contenido es revisado por pares acad\u00e9micos y que posean control de calidad Son capaces de ofrecer todo el contenido para su inclusi\u00f3n en CAMJOL (tablas de contenido, res\u00famenes y documentos a texto complet\u00e9 en formato PDF) en formato electr\u00f3nico Ser publicadas en Centroam\u00e9rica. La gesti\u00f3n y estrategia editorial, desarrollo de negocios y operaciones de producci\u00f3n son ejecutadas en Centroam\u00e9rica. CAMJOL proporciona informaci\u00f3n sobre cada revista participante, incluidos los objetivos y el alcance, detalles de contacto e informaci\u00f3n general. Tambi\u00e9n proporciona tablas de contenido y res\u00famenes (en casos que se encuentre disponible) para todos los art\u00edculos publicados en estas revistas. Asimismo tienen disponible gran cantidad de art\u00edculos de texto completo. Todo el material de CAMJOL es libre de ver, buscar y navegar. Sin embargo, los derechos de autor de todo el contenido es retenido (conservado) por las revistas o los autores &#8211; cada revista tendr\u00e1 que dar permiso para el uso o reutilizaci\u00f3n del contenido que cae fuera de la pol\u00edtica de uso justo. CAMJOL no es una editorial: CAMJOL proporciona un servicio a las revistas a trav\u00e9s de alojar su contenido en l\u00ednea y promover activamente el sitio web para fomentar la visibilidad de estos t\u00edtulos y sus art\u00edculos. Revistas individuales tambi\u00e9n est\u00e1n utilizando el sitio web para publicar sus revistas y agradecen las comunicaciones de los usuarios registrados. CAMJOL y CBUES La relaci\u00f3n entre el portal de revistas Central American Journals Online (CAMJOL) y la Asociaci\u00f3n Consorcio de Bibliotecas Universitarias de El Salvador (CBUES) fortalece el acceso a la informaci\u00f3n cient\u00edfica y promueve la difusi\u00f3n de la investigaci\u00f3n acad\u00e9mica en El Salvador. Ambas entidades trabajan de manera conjunta para facilitar el acceso a las revistas indexadas, promover la participaci\u00f3n de las bibliotecas universitarias y mejorar la visibilidad de la producci\u00f3n cient\u00edfica en el pa\u00eds.La colaboraci\u00f3n entre Camjol y el CBUES ha dado lugar a un trabajo innovador y de gran impacto. Gracias a la labor conjunta de ambas instituciones, que facilitan la indexaci\u00f3n y la difusi\u00f3n de los art\u00edculos cient\u00edficos, impulsando as\u00ed la investigaci\u00f3n y el intercambio de conocimiento en la comunidad acad\u00e9mica. Desde la Oficina T\u00e9cnica del CBUES se cuenta con un usuario administrador dentro de la plataforma de CAMJOL, con este usuario se llevan acabo las gestiones para las revistas de El Salvador, permitiendo la revisi\u00f3n, publicaci\u00f3n y el respectivo proceso de activaci\u00f3n de DOI (N\u00famero de Indentificai\u00f3n) del n\u00famero de la revista a publicar. El compromiso y la dedicaci\u00f3n de la Oficina T\u00e9cnica han sido fundamentales para lograr este avance significativo en el \u00e1mbito de la divulgaci\u00f3n cient\u00edfica. Historia de CAMJOL Revistas en l\u00ednea de Centroam\u00e9rica, (CAMJOL) se inici\u00f3 en agosto de 2010. Ahora es administrado por CBUES, CNU y UNAH, est\u00e1 alojado por\u00a0 Ubiquity Press. Fue un proyecto iniciado por el INASP. En 2016 cambi\u00f3 su nombre por el de Central American Journals Online (CAMJOL). Su objetivo es promover el conocimiento y uso de revistas publicadas en Centroam\u00e9rica en todas las disciplinas, proporcionando acceso a las tablas de contenidos (TC), res\u00famenes y texto completo a trav\u00e9s de la Internet. CAMJOL utiliza el sistema abierto de Revistas creado por el proyecto \u00abKnowledge Project\u00bb con sede en Canad\u00e1. Este software es de c\u00f3digo abierto y permite que el contenido de las revistas que aparecen en CAMJOL se indexen a trav\u00e9s de Iniciativa de motores de b\u00fasqueda de archivos abiertos dedicada a la investigaci\u00f3n, que colecta los metadatos de cada art\u00edculo de revista, logrando que este trabajo sea f\u00e1cilmente disponibles para una audiencia global, y dando a las revistas mayor visibilidad entre la comunidad de investigadores en todo el mundo. Conoce m\u00e1s sobre CAMJOL<\/p>\n","protected":false},"author":1,"featured_media":0,"parent":0,"menu_order":0,"comment_status":"closed","ping_status":"closed","template":"elementor_header_footer","meta":{"footnotes":""},"class_list":["post-1292","page","type-page","status-publish","hentry"],"_links":{"self":[{"href":"https:\/\/cbues.org.sv\/wp-json\/wp\/v2\/pages\/1292","targetHints":{"allow":["GET"]}}],"collection":[{"href":"https:\/\/cbues.org.sv\/wp-json\/wp\/v2\/pages"}],"about":[{"href":"https:\/\/cbues.org.sv\/wp-json\/wp\/v2\/types\/page"}],"author":[{"embeddable":true,"href":"https:\/\/cbues.org.sv\/wp-json\/wp\/v2\/users\/1"}],"replies":[{"embeddable":true,"href":"https:\/\/cbues.org.sv\/wp-json\/wp\/v2\/comments?post=1292"}],"version-history":[{"count":9,"href":"https:\/\/cbues.org.sv\/wp-json\/wp\/v2\/pages\/1292\/revisions"}],"predecessor-version":[{"id":21628,"href":"https:\/\/cbues.org.sv\/wp-json\/wp\/v2\/pages\/1292\/revisions\/21628"}],"wp:attachment":[{"href":"https:\/\/cbues.org.sv\/wp-json\/wp\/v2\/media?parent=1292"}],"curies":[{"name":"wp","href":"https:\/\/api.w.org\/{rel}","templated":true}]}}